{"id":567,"date":"2025-05-07T09:22:03","date_gmt":"2025-05-07T09:22:03","guid":{"rendered":"https:\/\/kreadarsurfullum.com\/?page_id=567"},"modified":"2025-07-29T19:33:32","modified_gmt":"2025-07-29T19:33:32","slug":"quartier","status":"publish","type":"page","link":"https:\/\/kreadarsurfullum.com\/fr\/quartier\/","title":{"rendered":"Quartier"},"content":{"rendered":"<p><div class=\"fusion-fullwidth fullwidth-box fusion-builder-row-1 fusion-flex-container has-pattern-background has-mask-background nonhundred-percent-fullwidth non-hundred-percent-height-scrolling\" style=\"--awb-border-radius-top-left:0px;--awb-border-radius-top-right:0px;--awb-border-radius-bottom-right:0px;--awb-border-radius-bottom-left:0px;--awb-padding-right:15%;--awb-padding-left:15%;--awb-margin-bottom:40px;--awb-flex-wrap:wrap;\" ><div class=\"fusion-builder-row fusion-row fusion-flex-align-items-flex-start fusion-flex-content-wrap\" style=\"max-width:1664px;margin-left: calc(-4% \/ 2 );margin-right: calc(-4% \/ 2 );\"><div class=\"fusion-layout-column fusion_builder_column fusion-builder-column-0 fusion_builder_column_1_1 1_1 fusion-flex-column\" style=\"--awb-bg-size:cover;--awb-width-large:100%;--awb-margin-top-large:60px;--awb-spacing-right-large:1.92%;--awb-margin-bottom-large:20px;--awb-spacing-left-large:1.92%;--awb-width-medium:100%;--awb-order-medium:0;--awb-spacing-right-medium:1.92%;--awb-spacing-left-medium:1.92%;--awb-width-small:100%;--awb-order-small:0;--awb-spacing-right-small:1.92%;--awb-spacing-left-small:1.92%;\" data-scroll-devices=\"small-visibility,medium-visibility,large-visibility\"><div class=\"fusion-column-wrapper fusion-column-has-shadow fusion-flex-justify-content-flex-start fusion-content-layout-column\"><div class=\"fusion-title title fusion-title-1 fusion-sep-none fusion-title-center fusion-title-text fusion-title-size-one\" style=\"--awb-margin-top-small:10px;--awb-margin-right-small:0px;--awb-margin-bottom-small:10px;--awb-margin-left-small:0px;\"><h1 class=\"fusion-title-heading title-heading-center\" style=\"margin:0;\">\u00c9tablissez votre entreprise dans Rosemont\u2013La Petite-Patrie<\/h1><\/div><div class=\"fusion-text fusion-text-1\" style=\"--awb-text-color:#000000;--awb-text-font-family:&quot;Golos Text&quot;;--awb-text-font-style:normal;--awb-text-font-weight:400;\"><p style=\"text-align: center;\">\u00c0 la recherche de l\u2019endroit id\u00e9al pour votre entreprise? Le quartier Rosemont-La Petite-Patrie offre une multitude d\u2019avantages, et ce \u00e0 quelques minutes seulement du centre-ville de Montr\u00e9al.<\/p>\n<p style=\"text-align: center;\">\u00c9vitez les loyers \u00e9lev\u00e9s, la congestion routi\u00e8re et le manque de stationnement accessible en optant pour un quartier dynamique, qui allie parfaitement commerces, immeubles r\u00e9sidentiels et espaces verts. Le secteur est reconnu pour son esprit communautaire et ses valeurs \u00e9coresponsables. Le <a href=\"https:\/\/montreal.ca\/programmes\/eco-quartier\" target=\"_blank\" rel=\"noopener nofollow\">programme environnemental \u00c9co-quartier<\/a>, mis en place par la Ville de Montr\u00e9al, est bien implant\u00e9 dans le quartier et permet aux r\u00e9sidents de participer \u00e0 des projets \u00e9cologiques collaboratifs gr\u00e2ce \u00e0 l\u2019acc\u00e8s \u00e0 l\u2019\u00e9quipement n\u00e9cessaire.<\/p>\n<p style=\"text-align: center;\">Se d\u00e9placer dans le quartier est simple et efficace. Employeurs et employ\u00e9s peuvent rejoindre le centre-ville en empruntant la ligne orange du m\u00e9tro ou l\u2019un des nombreux circuits d\u2019autobus. Vous pr\u00e9f\u00e9rez prendre l\u2019air ou faire un peu d\u2019exercice? Empruntez les nombreuses pistes cyclables du quartier pour vous rendre au travail \u00e0 v\u00e9lo.<\/p>\n<p style=\"text-align: center;\">Le quartier est anim\u00e9 par une communaut\u00e9 verte et innovante, et adopte un mode de vie \u00e9co-urbain avec des toits verts et des cultures hydroponiques. On y trouve aussi de nombreux espaces verts et parcs, allant du Parc Maisonneuve, qui s\u2019\u00e9tend sur 63 hectares, au Parc \u00c9tienne-Desmarteaux, dot\u00e9 d\u2019un parc pour planches \u00e0 roulettes, de terrains de soccer et de football, ainsi que de jeux d\u2019eau pour les enfants.<\/p>\n<p style=\"text-align: center;\">Besoin de d\u00eener ou de faire quelques emplettes pour le souper? Vous \u00eates tout pr\u00e8s du <a href=\"https:\/\/www.marchespublics-mtl.com\/fr\/marches\/marche-jean-talon\" target=\"_blank\" rel=\"noopener nofollow\">March\u00e9 Jean-Talon<\/a>, un march\u00e9 ext\u00e9rieur embl\u00e9matique qui propose des produits frais, saisonniers et une multitude de commerces sp\u00e9cialis\u00e9s.<\/p>\n<\/div><\/div><\/div><\/div><\/div><div class=\"fusion-fullwidth fullwidth-box fusion-builder-row-2 fusion-flex-container has-pattern-background has-mask-background fusion-parallax-none nonhundred-percent-fullwidth non-hundred-percent-height-scrolling lazyload\" style=\"--awb-border-radius-top-left:0px;--awb-border-radius-top-right:0px;--awb-border-radius-bottom-right:0px;--awb-border-radius-bottom-left:0px;--awb-padding-top:40px;--awb-padding-bottom:40px;--awb-background-size:cover;--awb-flex-wrap:wrap;\" data-bg=\"https:\/\/kreadarsurfullum.com\/wp-content\/uploads\/2025\/07\/Scalable-Spaces-with-room-scaled-11.webp\" ><div class=\"fusion-builder-row fusion-row fusion-flex-align-items-flex-start fusion-flex-content-wrap\" style=\"max-width:1664px;margin-left: calc(-4% \/ 2 );margin-right: calc(-4% \/ 2 );\"><div class=\"fusion-layout-column fusion_builder_column fusion-builder-column-1 fusion_builder_column_1_1 1_1 fusion-flex-column\" style=\"--awb-padding-right:8%;--awb-padding-left:8%;--awb-bg-size:cover;--awb-width-large:100%;--awb-margin-top-large:0px;--awb-spacing-right-large:1.92%;--awb-margin-bottom-large:20px;--awb-spacing-left-large:1.92%;--awb-width-medium:100%;--awb-order-medium:0;--awb-spacing-right-medium:1.92%;--awb-spacing-left-medium:1.92%;--awb-width-small:100%;--awb-order-small:0;--awb-spacing-right-small:1.92%;--awb-spacing-left-small:1.92%;\" data-scroll-devices=\"small-visibility,medium-visibility,large-visibility\"><div class=\"fusion-column-wrapper fusion-column-has-shadow fusion-flex-justify-content-flex-start fusion-content-layout-column\"><div class=\"fusion-title title fusion-title-2 fusion-sep-none fusion-title-center fusion-title-text fusion-title-size-two\" style=\"--awb-text-color:#ffffff;--awb-margin-bottom:25px;--awb-margin-top-small:10px;--awb-margin-right-small:0px;--awb-margin-bottom-small:10px;--awb-margin-left-small:0px;\"><h2 class=\"fusion-title-heading title-heading-center\" style=\"font-family:&quot;Lalezar&quot;;font-style:normal;font-weight:400;margin:0;\">Tellement de bonnes raisons de choisir Rosemont\u2013La Petite-Patrie<\/h2><\/div><div class=\"fusion-tabs fusion-tabs-1 classic fusion-no-small-visibility custom-tab vertical-tabs icon-position-right mobile-mode-accordion\" style=\"--icon-color:#ffffff;--icon-active-color:#ffffff;--awb-margin-top:20px;--awb-title-border-radius-top-left:0px;--awb-title-border-radius-top-right:0px;--awb-title-border-radius-bottom-right:0px;--awb-title-border-radius-bottom-left:0px;--awb-alignment:start;--awb-inactive-color:transparent;--awb-title-text-color:#ffffff;--awb-title-active-text-color:#b5112f;--awb-background-color:transparent;--awb-border-color:transparent;--awb-active-border-color:var(--awb-color5);\"><div class=\"nav\"><ul class=\"nav-tabs\" role=\"tablist\" aria-orientation=\"vertical\"><li class=\"active\" role=\"presentation\"><a class=\"tab-link\" data-toggle=\"tab\" role=\"tab\" aria-controls=\"tab-2bf275155831cc71459\" aria-selected=\"true\" tabindex=\"0\" id=\"fusion-tab-2bf275155831cc71459\" href=\"#tab-2bf275155831cc71459\"><h4 class=\"fusion-tab-heading\">Emplacement strat\u00e9gique<i class=\"fontawesome-icon fa-arrows-alt-h fas\" aria-hidden=\"true\" style=\"font-size:16px;\"><\/i><\/h4><\/a><\/li><li  role=\"presentation\"><a class=\"tab-link\" data-toggle=\"tab\" role=\"tab\" aria-controls=\"tab-b118dbf09cd3459b210\" aria-selected=\"false\" tabindex=\"-1\" id=\"fusion-tab-b118dbf09cd3459b210\" href=\"#tab-b118dbf09cd3459b210\"><h4 class=\"fusion-tab-heading\">Espaces commerciaux abordables<i class=\"fontawesome-icon fa-arrows-alt-h fas\" aria-hidden=\"true\" style=\"font-size:16px;\"><\/i><\/h4><\/a><\/li><li  role=\"presentation\"><a class=\"tab-link\" data-toggle=\"tab\" role=\"tab\" aria-controls=\"tab-25a53f4c314142cd66d\" aria-selected=\"false\" tabindex=\"-1\" id=\"fusion-tab-25a53f4c314142cd66d\" href=\"#tab-25a53f4c314142cd66d\"><h4 class=\"fusion-tab-heading\">Communaut\u00e9 dynamique et d\u00e9mographie diversifi\u00e9e<i class=\"fontawesome-icon fa-arrows-alt-h fas\" aria-hidden=\"true\" style=\"font-size:16px;\"><\/i><\/h4><\/a><\/li><li  role=\"presentation\"><a class=\"tab-link\" data-toggle=\"tab\" role=\"tab\" aria-controls=\"tab-e4e340399fa1fb87c33\" aria-selected=\"false\" tabindex=\"-1\" id=\"fusion-tab-e4e340399fa1fb87c33\" href=\"#tab-e4e340399fa1fb87c33\"><h4 class=\"fusion-tab-heading\">P\u00f4le culturel et cr\u00e9atif<i class=\"fontawesome-icon fa-arrows-alt-h fas\" aria-hidden=\"true\" style=\"font-size:16px;\"><\/i><\/h4><\/a><\/li><li  role=\"presentation\"><a class=\"tab-link\" data-toggle=\"tab\" role=\"tab\" aria-controls=\"tab-95d81b98619a100a0f1\" aria-selected=\"false\" tabindex=\"-1\" id=\"fusion-tab-95d81b98619a100a0f1\" href=\"#tab-95d81b98619a100a0f1\"><h4 class=\"fusion-tab-heading\">Proximit\u00e9 des quartiers r\u00e9sidentiels<i class=\"fontawesome-icon fa-arrows-alt-h fas\" aria-hidden=\"true\" style=\"font-size:16px;\"><\/i><\/h4><\/a><\/li><\/ul><\/div><div class=\"tab-content\"><div class=\"nav fusion-mobile-tab-nav\"><ul class=\"nav-tabs\" role=\"tablist\" aria-orientation=\"vertical\"><li class=\"active\" role=\"presentation\"><a class=\"tab-link\" data-toggle=\"tab\" role=\"tab\" aria-controls=\"tab-2bf275155831cc71459\" aria-selected=\"true\" tabindex=\"0\" id=\"mobile-fusion-tab-2bf275155831cc71459\" href=\"#tab-2bf275155831cc71459\"><h4 class=\"fusion-tab-heading\">Emplacement strat\u00e9gique<i class=\"fontawesome-icon fa-arrows-alt-h fas\" aria-hidden=\"true\" style=\"font-size:16px;\"><\/i><\/h4><\/a><\/li><\/ul><\/div><div class=\"tab-pane fade fusion-clearfix in active\" role=\"tabpanel\" tabindex=\"0\" aria-labelledby=\"fusion-tab-2bf275155831cc71459\" id=\"tab-2bf275155831cc71459\">\n<p><span style=\"font-weight: 400;\">Il est facile de se d\u00e9placer dans le quartier. Rosemont\u2013La-Petite-Patrie offre un acc\u00e8s rapide aux grands axes routiers et \u00e0 plusieurs options de transport en commun, comme le m\u00e9tro et les lignes d\u2019autobus, ce qui en fait un lieu pratique tant pour vos clients que pour vos employ\u00e9s.<\/span><\/p>\n<\/div><div class=\"nav fusion-mobile-tab-nav\"><ul class=\"nav-tabs\" role=\"tablist\" aria-orientation=\"vertical\"><li  role=\"presentation\"><a class=\"tab-link\" data-toggle=\"tab\" role=\"tab\" aria-controls=\"tab-b118dbf09cd3459b210\" aria-selected=\"false\" tabindex=\"-1\" id=\"mobile-fusion-tab-b118dbf09cd3459b210\" href=\"#tab-b118dbf09cd3459b210\"><h4 class=\"fusion-tab-heading\">Espaces commerciaux abordables<i class=\"fontawesome-icon fa-arrows-alt-h fas\" aria-hidden=\"true\" style=\"font-size:16px;\"><\/i><\/h4><\/a><\/li><\/ul><\/div><div class=\"tab-pane fade fusion-clearfix\" role=\"tabpanel\" tabindex=\"0\" aria-labelledby=\"fusion-tab-b118dbf09cd3459b210\" id=\"tab-b118dbf09cd3459b210\">Les loyers commerciaux dans Rosemont\u2013La-Petite-Patrie sont g\u00e9n\u00e9ralement plus bas que ceux du centre-ville de Montr\u00e9al ou d&rsquo;autres quartiers pris\u00e9s. C\u2019est une excellente option pour les petites entreprises, les entreprises en d\u00e9marrage et les entrepreneurs \u00e0 la recherche d\u2019espaces commerciaux \u00e9conomiques, sans compromis sur l\u2019emplacement.<\/div><div class=\"nav fusion-mobile-tab-nav\"><ul class=\"nav-tabs\" role=\"tablist\" aria-orientation=\"vertical\"><li  role=\"presentation\"><a class=\"tab-link\" data-toggle=\"tab\" role=\"tab\" aria-controls=\"tab-25a53f4c314142cd66d\" aria-selected=\"false\" tabindex=\"-1\" id=\"mobile-fusion-tab-25a53f4c314142cd66d\" href=\"#tab-25a53f4c314142cd66d\"><h4 class=\"fusion-tab-heading\">Communaut\u00e9 dynamique et d\u00e9mographie diversifi\u00e9e<i class=\"fontawesome-icon fa-arrows-alt-h fas\" aria-hidden=\"true\" style=\"font-size:16px;\"><\/i><\/h4><\/a><\/li><\/ul><\/div><div class=\"tab-pane fade fusion-clearfix\" role=\"tabpanel\" tabindex=\"0\" aria-labelledby=\"fusion-tab-25a53f4c314142cd66d\" id=\"tab-25a53f4c314142cd66d\">Installez votre entreprise dans un arrondissement multiculturel en pleine effervescence. La diversit\u00e9 de Rosemont\u2013La-Petite-Patrie est un atout majeur pour les entreprises \u0153uvrant dans les secteurs de l\u2019alimentation, du commerce de d\u00e9tail et de la cr\u00e9ation, qui s\u2019adressent \u00e0 une client\u00e8le aux go\u00fbts et aux besoins vari\u00e9s.<\/div><div class=\"nav fusion-mobile-tab-nav\"><ul class=\"nav-tabs\" role=\"tablist\" aria-orientation=\"vertical\"><li  role=\"presentation\"><a class=\"tab-link\" data-toggle=\"tab\" role=\"tab\" aria-controls=\"tab-e4e340399fa1fb87c33\" aria-selected=\"false\" tabindex=\"-1\" id=\"mobile-fusion-tab-e4e340399fa1fb87c33\" href=\"#tab-e4e340399fa1fb87c33\"><h4 class=\"fusion-tab-heading\">P\u00f4le culturel et cr\u00e9atif<i class=\"fontawesome-icon fa-arrows-alt-h fas\" aria-hidden=\"true\" style=\"font-size:16px;\"><\/i><\/h4><\/a><\/li><\/ul><\/div><div class=\"tab-pane fade fusion-clearfix\" role=\"tabpanel\" tabindex=\"0\" aria-labelledby=\"fusion-tab-e4e340399fa1fb87c33\" id=\"tab-e4e340399fa1fb87c33\">Profitez d\u2019une communaut\u00e9 riche en culture, avec une sc\u00e8ne artistique et culturelle vibrante. Le quartier abrite de nombreuses galeries, salles de spectacle et \u00e9v\u00e9nements locaux. Cet environnement cr\u00e9atif attire des entreprises innovantes, notamment dans le design, la technologie et les arts.<\/div><div class=\"nav fusion-mobile-tab-nav\"><ul class=\"nav-tabs\" role=\"tablist\" aria-orientation=\"vertical\"><li  role=\"presentation\"><a class=\"tab-link\" data-toggle=\"tab\" role=\"tab\" aria-controls=\"tab-95d81b98619a100a0f1\" aria-selected=\"false\" tabindex=\"-1\" id=\"mobile-fusion-tab-95d81b98619a100a0f1\" href=\"#tab-95d81b98619a100a0f1\"><h4 class=\"fusion-tab-heading\">Proximit\u00e9 des quartiers r\u00e9sidentiels<i class=\"fontawesome-icon fa-arrows-alt-h fas\" aria-hidden=\"true\" style=\"font-size:16px;\"><\/i><\/h4><\/a><\/li><\/ul><\/div><div class=\"tab-pane fade fusion-clearfix\" role=\"tabpanel\" tabindex=\"0\" aria-labelledby=\"fusion-tab-95d81b98619a100a0f1\" id=\"tab-95d81b98619a100a0f1\">Votre entreprise peut b\u00e9n\u00e9ficier d\u2019une client\u00e8le de proximit\u00e9 compos\u00e9e de jeunes professionnels et de jeunes familles vivant tout pr\u00e8s. Si vous travaillez dans les services, le commerce de d\u00e9tail ou l\u2019h\u00f4tellerie, vous pouvez attirer une client\u00e8le locale sans devoir investir massivement en marketing ou en publicit\u00e9.<\/div><\/div><\/div><div class=\"accordian fusion-accordian fusion-no-medium-visibility fusion-no-large-visibility\" style=\"--awb-border-size:1px;--awb-icon-size:16px;--awb-content-font-size:var(--awb-typography4-font-size);--awb-icon-alignment:right;--awb-hover-color:var(--awb-color2);--awb-border-color:var(--awb-color3);--awb-background-color:var(--awb-color1);--awb-divider-color:var(--awb-color3);--awb-divider-hover-color:var(--awb-color3);--awb-icon-color:#ffffff;--awb-title-color:#ffffff;--awb-content-color:#ffffff;--awb-icon-box-color:#000000;--awb-toggle-hover-accent-color:#b5112f;--awb-toggle-active-accent-color:#b5112f;--awb-title-font-family:&quot;Lalezar&quot;;--awb-title-font-weight:400;--awb-title-font-style:normal;--awb-title-font-size:22px;--awb-title-line-height:25px;--awb-content-font-family:&quot;Lalezar&quot;;--awb-content-font-style:normal;--awb-content-font-weight:400;\"><div class=\"panel-group fusion-toggle-icon-right fusion-toggle-icon-boxed\" id=\"accordion-567-1\"><div class=\"fusion-panel panel-default panel-924d1dd9751aba187 fusion-toggle-has-divider\" style=\"--awb-title-color:#ffffff;--awb-content-color:#ffffff;\"><div class=\"panel-heading\"><h4 class=\"panel-title toggle\" id=\"toggle_924d1dd9751aba187\"><a aria-expanded=\"false\" aria-controls=\"924d1dd9751aba187\" role=\"button\" data-toggle=\"collapse\" data-target=\"#924d1dd9751aba187\" href=\"#924d1dd9751aba187\"><span class=\"fusion-toggle-icon-wrapper\" aria-hidden=\"true\"><i class=\"fa-fusion-box active-icon awb-icon-minus\" aria-hidden=\"true\"><\/i><i class=\"fa-fusion-box inactive-icon awb-icon-plus\" aria-hidden=\"true\"><\/i><\/span><span class=\"fusion-toggle-heading\">Emplacement strat\u00e9gique<\/span><\/a><\/h4><\/div><div id=\"924d1dd9751aba187\" class=\"panel-collapse collapse \" aria-labelledby=\"toggle_924d1dd9751aba187\"><div class=\"panel-body toggle-content fusion-clearfix\">Il est facile de se d\u00e9placer dans le quartier. Rosemont\u2013La-Petite-Patrie offre un acc\u00e8s rapide aux grands axes routiers et \u00e0 plusieurs options de transport en commun, comme le m\u00e9tro et les lignes d\u2019autobus, ce qui en fait un lieu pratique tant pour vos clients que pour vos employ\u00e9s.<\/div><\/div><\/div><div class=\"fusion-panel panel-default panel-1037d25a368d86247 fusion-toggle-has-divider\" style=\"--awb-title-color:#ffffff;--awb-content-color:#ffffff;\"><div class=\"panel-heading\"><h4 class=\"panel-title toggle\" id=\"toggle_1037d25a368d86247\"><a aria-expanded=\"false\" aria-controls=\"1037d25a368d86247\" role=\"button\" data-toggle=\"collapse\" data-target=\"#1037d25a368d86247\" href=\"#1037d25a368d86247\"><span class=\"fusion-toggle-icon-wrapper\" aria-hidden=\"true\"><i class=\"fa-fusion-box active-icon awb-icon-minus\" aria-hidden=\"true\"><\/i><i class=\"fa-fusion-box inactive-icon awb-icon-plus\" aria-hidden=\"true\"><\/i><\/span><span class=\"fusion-toggle-heading\">Espaces commerciaux abordables<\/span><\/a><\/h4><\/div><div id=\"1037d25a368d86247\" class=\"panel-collapse collapse \" aria-labelledby=\"toggle_1037d25a368d86247\"><div class=\"panel-body toggle-content fusion-clearfix\">Les loyers commerciaux dans Rosemont\u2013La-Petite-Patrie sont g\u00e9n\u00e9ralement plus bas que ceux du centre-ville de Montr\u00e9al ou d&rsquo;autres quartiers pris\u00e9s. C\u2019est une excellente option pour les petites entreprises, les entreprises en d\u00e9marrage et les entrepreneurs \u00e0 la recherche d\u2019espaces commerciaux \u00e9conomiques, sans compromis sur l\u2019emplacement.<\/div><\/div><\/div><div class=\"fusion-panel panel-default panel-8cdb5e76ec8418ecc fusion-toggle-has-divider\" style=\"--awb-title-color:#ffffff;--awb-content-color:#ffffff;\"><div class=\"panel-heading\"><h4 class=\"panel-title toggle\" id=\"toggle_8cdb5e76ec8418ecc\"><a aria-expanded=\"false\" aria-controls=\"8cdb5e76ec8418ecc\" role=\"button\" data-toggle=\"collapse\" data-target=\"#8cdb5e76ec8418ecc\" href=\"#8cdb5e76ec8418ecc\"><span class=\"fusion-toggle-icon-wrapper\" aria-hidden=\"true\"><i class=\"fa-fusion-box active-icon awb-icon-minus\" aria-hidden=\"true\"><\/i><i class=\"fa-fusion-box inactive-icon awb-icon-plus\" aria-hidden=\"true\"><\/i><\/span><span class=\"fusion-toggle-heading\">Communaut\u00e9 dynamique et d\u00e9mographie diversifi\u00e9e<\/span><\/a><\/h4><\/div><div id=\"8cdb5e76ec8418ecc\" class=\"panel-collapse collapse \" aria-labelledby=\"toggle_8cdb5e76ec8418ecc\"><div class=\"panel-body toggle-content fusion-clearfix\">Installez votre entreprise dans un arrondissement multiculturel en pleine effervescence. La diversit\u00e9 de Rosemont\u2013La-Petite-Patrie est un atout majeur pour les entreprises \u0153uvrant dans les secteurs de l\u2019alimentation, du commerce de d\u00e9tail et de la cr\u00e9ation, qui s\u2019adressent \u00e0 une client\u00e8le aux go\u00fbts et aux besoins vari\u00e9s.<\/div><\/div><\/div><div class=\"fusion-panel panel-default panel-bac0b5f45979a6fb8 fusion-toggle-has-divider\" style=\"--awb-title-color:#ffffff;--awb-content-color:#ffffff;\"><div class=\"panel-heading\"><h4 class=\"panel-title toggle\" id=\"toggle_bac0b5f45979a6fb8\"><a aria-expanded=\"false\" aria-controls=\"bac0b5f45979a6fb8\" role=\"button\" data-toggle=\"collapse\" data-target=\"#bac0b5f45979a6fb8\" href=\"#bac0b5f45979a6fb8\"><span class=\"fusion-toggle-icon-wrapper\" aria-hidden=\"true\"><i class=\"fa-fusion-box active-icon awb-icon-minus\" aria-hidden=\"true\"><\/i><i class=\"fa-fusion-box inactive-icon awb-icon-plus\" aria-hidden=\"true\"><\/i><\/span><span class=\"fusion-toggle-heading\">P\u00f4le culturel et cr\u00e9atif<\/span><\/a><\/h4><\/div><div id=\"bac0b5f45979a6fb8\" class=\"panel-collapse collapse \" aria-labelledby=\"toggle_bac0b5f45979a6fb8\"><div class=\"panel-body toggle-content fusion-clearfix\">Profitez d\u2019une communaut\u00e9 riche en culture, avec une sc\u00e8ne artistique et culturelle vibrante. Le quartier abrite de nombreuses galeries, salles de spectacle et \u00e9v\u00e9nements locaux. Cet environnement cr\u00e9atif attire des entreprises innovantes, notamment dans le design, la technologie et les arts.<\/div><\/div><\/div><div class=\"fusion-panel panel-default panel-06b7721309ad2cde4 fusion-toggle-has-divider\" style=\"--awb-title-color:#ffffff;--awb-content-color:#ffffff;\"><div class=\"panel-heading\"><h4 class=\"panel-title toggle\" id=\"toggle_06b7721309ad2cde4\"><a aria-expanded=\"false\" aria-controls=\"06b7721309ad2cde4\" role=\"button\" data-toggle=\"collapse\" data-target=\"#06b7721309ad2cde4\" href=\"#06b7721309ad2cde4\"><span class=\"fusion-toggle-icon-wrapper\" aria-hidden=\"true\"><i class=\"fa-fusion-box active-icon awb-icon-minus\" aria-hidden=\"true\"><\/i><i class=\"fa-fusion-box inactive-icon awb-icon-plus\" aria-hidden=\"true\"><\/i><\/span><span class=\"fusion-toggle-heading\">Proximit\u00e9 des quartiers r\u00e9sidentiels<\/span><\/a><\/h4><\/div><div id=\"06b7721309ad2cde4\" class=\"panel-collapse collapse \" aria-labelledby=\"toggle_06b7721309ad2cde4\"><div class=\"panel-body toggle-content fusion-clearfix\">Votre entreprise peut b\u00e9n\u00e9ficier d\u2019une client\u00e8le de proximit\u00e9 compos\u00e9e de jeunes professionnels et de jeunes familles vivant tout pr\u00e8s. Si vous travaillez dans les services, le commerce de d\u00e9tail ou l\u2019h\u00f4tellerie, vous pouvez attirer une client\u00e8le locale sans devoir investir massivement en marketing ou en publicit\u00e9.<\/div><\/div><\/div><\/div><\/div><\/div><\/div><\/div><\/div><div class=\"fusion-fullwidth fullwidth-box fusion-builder-row-3 fusion-flex-container has-pattern-background has-mask-background fusion-parallax-none nonhundred-percent-fullwidth non-hundred-percent-height-scrolling lazyload\" style=\"--awb-border-radius-top-left:0px;--awb-border-radius-top-right:0px;--awb-border-radius-bottom-right:0px;--awb-border-radius-bottom-left:0px;--awb-padding-top:40px;--awb-padding-right:15%;--awb-padding-bottom:40px;--awb-padding-left:15%;--awb-min-height:360px;--awb-background-size:cover;--awb-flex-wrap:wrap;\" data-bg=\"https:\/\/kreadarsurfullum.com\/wp-content\/uploads\/2025\/07\/Your-vision-awaits-20.webp\" ><div class=\"fusion-builder-row fusion-row fusion-flex-align-items-center fusion-flex-align-content-center fusion-flex-content-wrap\" style=\"max-width:1664px;margin-left: calc(-4% \/ 2 );margin-right: calc(-4% \/ 2 );\"><div class=\"fusion-layout-column fusion_builder_column fusion-builder-column-2 fusion_builder_column_1_1 1_1 fusion-flex-column\" style=\"--awb-padding-right:15%;--awb-padding-left:15%;--awb-bg-size:cover;--awb-width-large:100%;--awb-margin-top-large:60px;--awb-spacing-right-large:1.92%;--awb-margin-bottom-large:20px;--awb-spacing-left-large:1.92%;--awb-width-medium:100%;--awb-order-medium:0;--awb-spacing-right-medium:1.92%;--awb-spacing-left-medium:1.92%;--awb-width-small:100%;--awb-order-small:0;--awb-spacing-right-small:1.92%;--awb-spacing-left-small:1.92%;\" data-scroll-devices=\"small-visibility,medium-visibility,large-visibility\"><div class=\"fusion-column-wrapper fusion-column-has-shadow fusion-flex-justify-content-flex-start fusion-content-layout-column\"><div class=\"fusion-title title fusion-title-3 fusion-sep-none fusion-title-center fusion-title-text fusion-title-size-two\" style=\"--awb-text-color:#ffffff;--awb-margin-right:10px;--awb-margin-top-small:10px;--awb-margin-right-small:0px;--awb-margin-bottom-small:10px;--awb-margin-left-small:0px;\"><h2 class=\"fusion-title-heading title-heading-center\" style=\"font-family:&quot;Lalezar&quot;;font-style:normal;font-weight:400;margin:0;\"><div class=\"fusion-text fusion-text-20\">\n<p>Cela ressemble \u00e0 l\u2019endroit id\u00e9al pour \u00e9tablir votre entreprise? Contactez-nous pour en savoir plus sur nos disponibilit\u00e9s.<\/p>\n<\/div><\/h2><\/div><div style=\"text-align:center;\"><a class=\"fusion-button button-flat button-large button-custom fusion-button-default button-1 fusion-button-default-span fusion-button-default-type Button-2 black-cover\" style=\"--awb-margin-top:0px;--awb-margin-bottom:0px;--button_accent_color:#ffff;--button_accent_hover_color:var(--awb-color1);--button_border_hover_color:var(--awb-color1);--button_gradient_angle:0deg;--button_gradient_end:0%;--button_gradient_top_color:rgba(255,255,255,0);--button_gradient_bottom_color:rgba(255,255,255,0);--button_gradient_top_color_hover:transparent;--button_gradient_bottom_color_hover:transparent;--button_typography-font-family:&quot;Lalezar&quot;;--button_typography-font-style:normal;--button_typography-font-weight:400;\" target=\"_self\" href=\"\/fr\/demande-de-location\/\"><span class=\"fusion-button-text awb-button__text awb-button__text--default\">Trouvez l\u2019espace parfait pour vous<\/span><\/a><\/div><\/div><\/div><\/div><\/div><\/p>\n","protected":false},"excerpt":{"rendered":"","protected":false},"author":1,"featured_media":778,"parent":0,"menu_order":9,"comment_status":"closed","ping_status":"closed","template":"100-width.php","meta":{"footnotes":""},"class_list":["post-567","page","type-page","status-publish","has-post-thumbnail","hentry"],"_links":{"self":[{"href":"https:\/\/kreadarsurfullum.com\/fr\/wp-json\/wp\/v2\/pages\/567","targetHints":{"allow":["GET"]}}],"collection":[{"href":"https:\/\/kreadarsurfullum.com\/fr\/wp-json\/wp\/v2\/pages"}],"about":[{"href":"https:\/\/kreadarsurfullum.com\/fr\/wp-json\/wp\/v2\/types\/page"}],"author":[{"embeddable":true,"href":"https:\/\/kreadarsurfullum.com\/fr\/wp-json\/wp\/v2\/users\/1"}],"replies":[{"embeddable":true,"href":"https:\/\/kreadarsurfullum.com\/fr\/wp-json\/wp\/v2\/comments?post=567"}],"version-history":[{"count":0,"href":"https:\/\/kreadarsurfullum.com\/fr\/wp-json\/wp\/v2\/pages\/567\/revisions"}],"wp:featuredmedia":[{"embeddable":true,"href":"https:\/\/kreadarsurfullum.com\/fr\/wp-json\/wp\/v2\/media\/778"}],"wp:attachment":[{"href":"https:\/\/kreadarsurfullum.com\/fr\/wp-json\/wp\/v2\/media?parent=567"}],"curies":[{"name":"wp","href":"https:\/\/api.w.org\/{rel}","templated":true}]}}