{"id":571,"date":"2025-05-05T16:03:05","date_gmt":"2025-05-05T16:03:05","guid":{"rendered":"https:\/\/kreadarsurfullum.com\/?page_id=571"},"modified":"2025-07-29T19:51:50","modified_gmt":"2025-07-29T19:51:50","slug":"politique-de-confidentialite","status":"publish","type":"page","link":"https:\/\/kreadarsurfullum.com\/fr\/politique-de-confidentialite\/","title":{"rendered":"Politique de condidentialit\u00e9"},"content":{"rendered":"<div class=\"fusion-fullwidth fullwidth-box fusion-builder-row-1 fusion-flex-container has-pattern-background has-mask-background nonhundred-percent-fullwidth non-hundred-percent-height-scrolling\" style=\"--awb-border-radius-top-left:0px;--awb-border-radius-top-right:0px;--awb-border-radius-bottom-right:0px;--awb-border-radius-bottom-left:0px;--awb-padding-right:15%;--awb-padding-left:15%;--awb-margin-top:40px;--awb-margin-bottom:40px;--awb-flex-wrap:wrap;\" ><div class=\"fusion-builder-row fusion-row fusion-flex-align-items-flex-start fusion-flex-content-wrap\" style=\"max-width:1664px;margin-left: calc(-4% \/ 2 );margin-right: calc(-4% \/ 2 );\"><div class=\"fusion-layout-column fusion_builder_column fusion-builder-column-0 fusion_builder_column_1_1 1_1 fusion-flex-column\" style=\"--awb-bg-size:cover;--awb-width-large:100%;--awb-margin-top-large:0px;--awb-spacing-right-large:1.92%;--awb-margin-bottom-large:0px;--awb-spacing-left-large:1.92%;--awb-width-medium:100%;--awb-spacing-right-medium:1.92%;--awb-spacing-left-medium:1.92%;--awb-width-small:100%;--awb-spacing-right-small:1.92%;--awb-spacing-left-small:1.92%;\"><div class=\"fusion-column-wrapper fusion-flex-justify-content-flex-start fusion-content-layout-column\"><div class=\"fusion-title title fusion-title-1 fusion-sep-none fusion-title-center fusion-title-text fusion-title-size-one\" style=\"--awb-margin-top-small:10px;--awb-margin-right-small:0px;--awb-margin-bottom-small:10px;--awb-margin-left-small:0px;\"><h1 class=\"fusion-title-heading title-heading-center\" style=\"margin:0;\">Politique de condidentialit\u00e9<\/h1><\/div><div class=\"fusion-text fusion-text-1\"><p style=\"text-align: center;\">Kreadar Enterprises a cr\u00e9\u00e9 cette politique de confidentialit\u00e9 afin de d\u00e9montrer notre engagement envers votre droit \u00e0 la confidentialit\u00e9. La politique suivante d\u00e9crit nos pratiques concernant la collecte de vos renseignements personnels ainsi que leur utilisation dans le cadre de ce site web.<\/p>\n<h2 style=\"text-align: center;\">Quelles informations recueillent Kreadar Enterprises<\/h2>\n<p style=\"text-align: center;\">Certaines informations, telles que (mais sans s\u2019y limiter) votre nom, votre adresse, vos num\u00e9ros de contact, votre adresse courriel, vos pr\u00e9f\u00e9rences, vos int\u00e9r\u00eats et de l&rsquo;information relative aux clients peuvent \u00eatre collect\u00e9es par Kreadar Enterprises \u00e0 des fins diverses.<\/p>\n<p style=\"text-align: center;\">Le choix de la quantit\u00e9 d\u2019information fournie est cependant toujours sous votre contr\u00f4le, il faut toujours garder \u00e0 l\u2019esprit que certaines informations peuvent \u00eatre n\u00e9cessaires\/requises afin que nous puissions fournir de l\u2019aide ou un service.<\/p>\n<p style=\"text-align: center;\">Nous n\u2019allons pas vendre, \u00e9changer ou distribuer les noms, les adresses courriel, ou les coordonn\u00e9es de nos abonn\u00e9s, sauf si requis par la loi.<\/p>\n<p style=\"text-align: center;\">Nous pouvons utiliser vos renseignements personnels pour vous envoyer des informations promotionnelles sur des tiers que nous pensons que vous trouverez int\u00e9ressantes.<\/p>\n<h2 style=\"text-align: center;\">Ce que nous pouvons faire avec les informations que nous recueillons<\/h2>\n<p style=\"text-align: center;\">Kreadar Enterprises utilise les renseignements personnels recueillis aux fins suivantes:<\/p>\n<p style=\"text-align: center;\">1. Tenue de dossiers internes<\/p>\n<p style=\"text-align: center;\">2. Am\u00e9lioration des produits et services<\/p>\n<p style=\"text-align: center;\">3. Communication promotionnelle et toute information, y compris les informations de tiers, dont nous puissions penser que vous trouverez int\u00e9ressantes<\/p>\n<p style=\"text-align: center;\">4. Am\u00e9lioration et personnalisation du site Web.<\/p>\n<p style=\"text-align: center;\">Vous pouvez en tout temps refuser de nous fournir vos renseignements personnels, cependant, il se peut que vous ne puissiez b\u00e9n\u00e9ficier de tous les services que Kreadar Enterprises a \u00e0 vous offrir.<\/p>\n<h2 style=\"text-align: center;\">Renseignements personnels<\/h2>\n<p style=\"text-align: center;\">Lorsque vous adh\u00e9rez \u00e0 un service qui n\u00e9cessite une inscription, nous vous demandons de fournir des renseignements personnels. Ces informations ne seront pas utilis\u00e9es de mani\u00e8re diff\u00e9rente que celles pour lesquelles elles ont \u00e9t\u00e9 recueillies. Le cas \u00e9ch\u00e9ant, Kreadar Enterprises devra obtenir votre consentement pr\u00e9alable.<\/p>\n<p style=\"text-align: center;\">Nous recueillons, utilisons et sommes responsables de certaines informations personnelles vous concernant. Ce faisant, nous sommes r\u00e9gis par la <a href=\"https:\/\/www.legisquebec.gouv.qc.ca\/fr\/document\/lc\/P-39.1\" target=\"_blank\" rel=\"noopener nofollow\">loi 25<\/a> (qui s&rsquo;applique au Qu\u00e9bec en vertu de la Commission d&rsquo;acc\u00e8s \u00e0 l&rsquo;information du Qu\u00e9bec (CAI), du <a href=\"https:\/\/gdpr.eu\/tag\/gdpr\/\" target=\"_blank\" rel=\"noopener nofollow\">General Data Protection Regulation<\/a> (qui s&rsquo;applique dans toute l&rsquo;Union europ\u00e9enne) ainsi que d&rsquo;autres lois sur la protection des donn\u00e9es et sommes responsables, en tant que contr\u00f4leur, de ces informations personnelles aux fins de ces lois.<\/p>\n<p style=\"text-align: center;\">Nous avons nomm\u00e9 un responsable des donn\u00e9es personnelles qui est charg\u00e9 de r\u00e9pondre \u00e0 toutes les questions se rapportant \u00e0 ces principes de protection des donn\u00e9es personnelles. Si vous avez des questions au sujet de ces principes de protection des donn\u00e9es, y compris des requ\u00eates quant \u00e0 l\u2019exercice de vos droits l\u00e9gaux, n\u2019h\u00e9sitez pas \u00e0 contacter le Responsable de la protection des donn\u00e9es personnelles, en utilisant les coordonn\u00e9es ci-dessous.<\/p>\n<h2 style=\"text-align: center;\">Coordonn\u00e9es pour prendre contact<\/h2>\n<p style=\"text-align: center;\">Si vous avez des questions au sujet de ces principes de protection des donn\u00e9es personnelles, n\u2019h\u00e9sitez pas \u00e0 contacter notre Responsable de la protection des donn\u00e9es personnelles, en utilisant l\u2019une des m\u00e9thodes suivantes:<\/p>\n<p style=\"text-align: center;\"><b>Nom de la compagnie:<\/b> Kreadar Enterprises<br \/>\n<b>Nom du responsable:<\/b> Ross Arbuck<br \/>\n<b>Adresse postale:<\/b> <a class=\"c-link\" href=\"mailto:ross@kreadar.com\" target=\"_blank\" rel=\"noopener noreferrer\" data-stringify-link=\"mailto:ross@kreadar.com\" data-sk=\"tooltip_parent\" aria-haspopup=\"menu\" aria-describedby=\"sk-tooltip-521\">ross@kreadar.com<\/a><br \/>\n<b>Postal Address:<\/b> 5550 rue Fullum, suite 502<br \/>\nMontreal, QC<br \/>\nCanada<\/p>\n<h2 style=\"text-align: center;\">Les t\u00e9moins de connexion (cookies) et comment nous les utilisons<\/h2>\n<p style=\"text-align: center;\">Un t\u00e9moin de connexion (cookie) est un petit fichier qui demande l\u2019autorisation d\u2019\u00eatre plac\u00e9 sur le disque dur de votre ordinateur. Ce n&rsquo;est qu&rsquo;une fois que vous avez donn\u00e9 votre accord que le fichier est ajout\u00e9 et que le cookie en question aide \u00e0 analyser l&rsquo;achalandage sur le web ou vous permet de savoir quand vous visitez un site particulier.<\/p>\n<p style=\"text-align: center;\">Les t\u00e9moins de connexion permettent aux applications web de vous r\u00e9pondre en tant qu\u2019individu. L\u2019application web peut, en raison des t\u00e9moins de connexion, adapter ses op\u00e9rations \u00e0 vos besoins, vos go\u00fbts et vos aversions en recueillant et en se souvenant d\u2019informations sur vos pr\u00e9f\u00e9rences. Voici plus de d\u00e9tails sur les types de t\u00e9moins:<\/p>\n<p style=\"text-align: center;\"><b>N\u00e9cessaires<\/b> &#8211; Les t\u00e9moins n\u00e9cessaires sont absolument indispensables au bon fonctionnement du site web. Cette cat\u00e9gorie ne comprend que les cookies qui garantissent les fonctionnalit\u00e9s de base et les caract\u00e9ristiques de s\u00e9curit\u00e9 du site web. Ces cookies ne stockent aucune information personnelle.<\/p>\n<p style=\"text-align: center;\"><b>Fonctionnels<\/b> &#8211; &#8211; Les t\u00e9moins fonctionnels permettent d&rsquo;ex\u00e9cuter certaines fonctionnalit\u00e9s, telles que le partage du contenu du site web sur des plateformes de m\u00e9dias sociaux, la collecte de commentaires et d&rsquo;autres fonctions de tiers.<\/p>\n<p style=\"text-align: center;\"><b>Performance<\/b> &#8211; Les t\u00e9moins de performance sont utilis\u00e9s pour comprendre et analyser les principaux indices de performance du site web, ce qui permet d&rsquo;offrir une meilleure exp\u00e9rience utilisateur aux visiteurs.<\/p>\n<p style=\"text-align: center;\"><b>Publicit\u00e9<\/b> &#8211; Les t\u00e9moins publicitaires sont utilis\u00e9s pour offrir aux visiteurs des publicit\u00e9s et des campagnes de marketing pertinentes. Ces cookies suivent les visiteurs sur les sites web et collectent des informations pour proposer des publicit\u00e9s personnalis\u00e9es.<\/p>\n<p style=\"text-align: center;\"><b>Autres<\/b> &#8211; Les autres cookies non class\u00e9s sont ceux qui sont en cours d&rsquo;analyse et qui n&rsquo;ont pas encore \u00e9t\u00e9 class\u00e9s dans une cat\u00e9gorie.<\/p>\n<p style=\"text-align: center;\">Les t\u00e9moins de connexion peuvent \u00eatre accept\u00e9s, personnalis\u00e9s ou refus\u00e9s dans la barre de consentement des cookies. La plupart des navigateurs web acceptent automatiquement les t\u00e9moins de connexion, mais vous pouvez g\u00e9n\u00e9ralement modifier les param\u00e8tres de votre navigateur pour refuser les t\u00e9moins de connexion si vous le souhaitez.<\/p>\n<p style=\"text-align: center;\">Veuillez toutefois noter que le refus d\u2019acc\u00e8s aux t\u00e9moins de connexion peut vous emp\u00eacher de profiter pleinement du site web.<\/p>\n<h2 style=\"text-align: center;\">Changements \u00e0 la politique de confidentialit\u00e9<\/h2>\n<p style=\"text-align: center;\">Nous nous r\u00e9servons le droit de modifier cette politique de confidentialit\u00e9, par contre nous ne r\u00e9duirons pas vos droits en vertu de la pr\u00e9sente politique sans votre consentement pr\u00e9alable.<\/p>\n<h2 style=\"text-align: center;\">Pour nous joindre<\/h2>\n<p style=\"text-align: center;\">Si vous avez des questions concernant cette politique de confidentialit\u00e9, les pratiques de ce site ou vos interactions avec ce site, vous pouvez nous contacter par courriel \u00e0 l\u2019adresse suivante: <a class=\"c-link\" href=\"mailto:ross@kreadar.com\" target=\"_blank\" rel=\"noopener noreferrer\" data-stringify-link=\"mailto:ross@kreadar.com\" data-sk=\"tooltip_parent\" aria-haspopup=\"menu\">ross@kreadar.com<\/a><\/p>\n<\/div><\/div><\/div><\/div><\/div>\n","protected":false},"excerpt":{"rendered":"","protected":false},"author":1,"featured_media":0,"parent":0,"menu_order":15,"comment_status":"closed","ping_status":"closed","template":"","meta":{"footnotes":""},"class_list":["post-571","page","type-page","status-publish","hentry"],"_links":{"self":[{"href":"https:\/\/kreadarsurfullum.com\/fr\/wp-json\/wp\/v2\/pages\/571","targetHints":{"allow":["GET"]}}],"collection":[{"href":"https:\/\/kreadarsurfullum.com\/fr\/wp-json\/wp\/v2\/pages"}],"about":[{"href":"https:\/\/kreadarsurfullum.com\/fr\/wp-json\/wp\/v2\/types\/page"}],"author":[{"embeddable":true,"href":"https:\/\/kreadarsurfullum.com\/fr\/wp-json\/wp\/v2\/users\/1"}],"replies":[{"embeddable":true,"href":"https:\/\/kreadarsurfullum.com\/fr\/wp-json\/wp\/v2\/comments?post=571"}],"version-history":[{"count":1,"href":"https:\/\/kreadarsurfullum.com\/fr\/wp-json\/wp\/v2\/pages\/571\/revisions"}],"predecessor-version":[{"id":629,"href":"https:\/\/kreadarsurfullum.com\/fr\/wp-json\/wp\/v2\/pages\/571\/revisions\/629"}],"wp:attachment":[{"href":"https:\/\/kreadarsurfullum.com\/fr\/wp-json\/wp\/v2\/media?parent=571"}],"curies":[{"name":"wp","href":"https:\/\/api.w.org\/{rel}","templated":true}]}}