{"id":572,"date":"2025-05-15T17:12:36","date_gmt":"2025-05-15T17:12:36","guid":{"rendered":"https:\/\/kreadarsurfullum.com\/?page_id=572"},"modified":"2026-04-06T20:02:57","modified_gmt":"2026-04-06T20:02:57","slug":"plan-du-site","status":"publish","type":"page","link":"https:\/\/kreadarsurfullum.com\/fr\/plan-du-site\/","title":{"rendered":"Plan du site"},"content":{"rendered":"<div class=\"fusion-fullwidth fullwidth-box fusion-builder-row-1 fusion-flex-container has-pattern-background has-mask-background nonhundred-percent-fullwidth non-hundred-percent-height-scrolling\" style=\"--awb-border-radius-top-left:0px;--awb-border-radius-top-right:0px;--awb-border-radius-bottom-right:0px;--awb-border-radius-bottom-left:0px;--awb-margin-top:40px;--awb-margin-bottom:40px;--awb-flex-wrap:wrap;\" ><div class=\"fusion-builder-row fusion-row fusion-flex-align-items-flex-start fusion-flex-content-wrap\" style=\"max-width:1664px;margin-left: calc(-4% \/ 2 );margin-right: calc(-4% \/ 2 );\"><div class=\"fusion-layout-column fusion_builder_column fusion-builder-column-0 fusion_builder_column_1_1 1_1 fusion-flex-column\" style=\"--awb-bg-size:cover;--awb-width-large:100%;--awb-margin-top-large:0px;--awb-spacing-right-large:1.92%;--awb-margin-bottom-large:20px;--awb-spacing-left-large:1.92%;--awb-width-medium:100%;--awb-order-medium:0;--awb-spacing-right-medium:1.92%;--awb-spacing-left-medium:1.92%;--awb-width-small:100%;--awb-order-small:0;--awb-spacing-right-small:1.92%;--awb-spacing-left-small:1.92%;\"><div class=\"fusion-column-wrapper fusion-column-has-shadow fusion-flex-justify-content-flex-start fusion-content-layout-column\"><div class=\"fusion-title title fusion-title-1 fusion-sep-none fusion-title-text fusion-title-size-one\" style=\"--awb-margin-top-small:10px;--awb-margin-right-small:0px;--awb-margin-bottom-small:10px;--awb-margin-left-small:0px;\"><h1 class=\"fusion-title-heading title-heading-left\" style=\"margin:0;\">Plan du site<\/h1><\/div><div class=\"wsp-container\"><h2 class=\"wsp-pages-title\">Pages<\/h2>\n<ul class=\"wsp-pages-list\">\n<li class=\"page_item page-item-537\"><a href=\"https:\/\/kreadarsurfullum.com\/fr\/\">Accueil<\/a><\/li>\n<li class=\"page_item page-item-557 page_item_has_children\"><a href=\"https:\/\/kreadarsurfullum.com\/fr\/immeubles\/\">Nos immeubles<\/a>\n<ul class='children'>\n\t<li class=\"page_item page-item-558\"><a href=\"https:\/\/kreadarsurfullum.com\/fr\/immeubles\/5550-fullum\/\">5550 Fullum<\/a><\/li>\n\t<li class=\"page_item page-item-559\"><a href=\"https:\/\/kreadarsurfullum.com\/fr\/immeubles\/5500-fullum\/\">5500 Fullum<\/a><\/li>\n<\/ul>\n<\/li>\n<li class=\"page_item page-item-560 page_item_has_children\"><a href=\"https:\/\/kreadarsurfullum.com\/fr\/local-commercial-industriel\/\">Nos espaces<\/a>\n<ul class='children'>\n\t<li class=\"page_item page-item-1610\"><a href=\"https:\/\/kreadarsurfullum.com\/fr\/local-commercial-industriel\/espaces-de-production-a-louer\/\">Espaces de production<\/a><\/li>\n\t<li class=\"page_item page-item-563\"><a href=\"https:\/\/kreadarsurfullum.com\/fr\/local-commercial-industriel\/studios\/\">Studios<\/a><\/li>\n\t<li class=\"page_item page-item-562\"><a href=\"https:\/\/kreadarsurfullum.com\/fr\/local-commercial-industriel\/lofts\/\">Lofts commerciaux<\/a><\/li>\n\t<li class=\"page_item page-item-581\"><a href=\"https:\/\/kreadarsurfullum.com\/fr\/local-commercial-industriel\/ateliers-a-louer-montreal\/\">Ateliers<\/a><\/li>\n<\/ul>\n<\/li>\n<li class=\"page_item page-item-566\"><a href=\"https:\/\/kreadarsurfullum.com\/fr\/communaute\/\">Notre communaut\u00e9<\/a><\/li>\n<li class=\"page_item page-item-567\"><a href=\"https:\/\/kreadarsurfullum.com\/fr\/quartier\/\">Quartier<\/a><\/li>\n<li class=\"page_item page-item-569\"><a href=\"https:\/\/kreadarsurfullum.com\/fr\/a-propos\/\">\u00c0 propos<\/a><\/li>\n<li class=\"page_item page-item-556\"><a href=\"https:\/\/kreadarsurfullum.com\/fr\/blogue\/\">Blogue<\/a><\/li>\n<li class=\"page_item page-item-570\"><a href=\"https:\/\/kreadarsurfullum.com\/fr\/nous-joindre\/\">Nous joindre<\/a><\/li>\n<li class=\"page_item page-item-554\"><a href=\"https:\/\/kreadarsurfullum.com\/fr\/demande-de-visite\/\">Demande de visite<\/a><\/li>\n<li class=\"page_item page-item-555\"><a href=\"https:\/\/kreadarsurfullum.com\/fr\/demande-de-location\/\">Demande de location<\/a><\/li>\n<li class=\"page_item page-item-571\"><a href=\"https:\/\/kreadarsurfullum.com\/fr\/politique-de-confidentialite\/\">Politique de condidentialit\u00e9<\/a><\/li>\n<li class=\"page_item page-item-572\"><a href=\"https:\/\/kreadarsurfullum.com\/fr\/plan-du-site\/\">Plan du site<\/a><\/li>\n<\/ul>\n<\/div><div class=\"wsp-container\"><h2 class=\"wsp-posts-title\">Articles par cat\u00e9gorie<\/h2>\n<ul class=\"wsp-posts-list\">\n\t<li><strong class=\"wsp-category-title\">Cat\u00e9gorie\u00a0: <a href=\"https:\/\/kreadarsurfullum.com\/fr\/category\/blogue\/\">Blogue<\/a><\/strong>\n<ul class=\"wsp-posts-list\">\t\t<li class=\"wsp-post\"><a href=\"https:\/\/kreadarsurfullum.com\/fr\/blogue\/choisir-kreadar-pour-espace-industriel-leger-montreal\/\">Pourquoi choisir Kreadar pour un espace industriel l\u00e9ger \u00e0 Montr\u00e9al<\/a><\/li>\n\t\t<li class=\"wsp-post\"><a href=\"https:\/\/kreadarsurfullum.com\/fr\/blogue\/vivre-travailler-rosemont-la-petite-patrie\/\">Rosemont\u2013La Petite-Patrie : L\u2019endroit id\u00e9al pour vivre et travailler<\/a><\/li>\n\t\t<li class=\"wsp-post\"><a href=\"https:\/\/kreadarsurfullum.com\/fr\/blogue\/avantages-studio-art-a-louer-a-montreal\/\">7 avantages de louer un studio d&rsquo;art \u00e0 Montr\u00e9al<\/a><\/li>\n\t\t<li class=\"wsp-post\"><a href=\"https:\/\/kreadarsurfullum.com\/fr\/blogue\/comment-choisir-un-studio-artiste-a-louer\/\">Studio d&rsquo;artiste \u00e0 louer: 7 \u00e9l\u00e9ments \u00e0 consid\u00e9rer lors de votre recherche<\/a><\/li>\n\t\t<li class=\"wsp-post\"><a href=\"https:\/\/kreadarsurfullum.com\/fr\/blogue\/chocolatier-artisanal-rosemont-kreadar-fullum\/\">Allo Simonne, artisan chocolatier prim\u00e9 de Rosemont<\/a><\/li>\n\t\t<li class=\"wsp-post\"><a href=\"https:\/\/kreadarsurfullum.com\/fr\/blogue\/nouveau-site-web-kreadar-sur-fullum\/\">Kreadar sur Fullum lance un tout nouveau site Web : D\u00e9couvrez votre local industriel id\u00e9al \u00e0 Montr\u00e9al!<\/a><\/li>\n\t<li><strong class=\"wsp-category-title\">Cat\u00e9gorie\u00a0: <a href=\"https:\/\/kreadarsurfullum.com\/fr\/category\/blogue\/notre-communaute\/\">Communaut\u00e9<\/a><\/strong>\n<\/li>\n\t<li><strong class=\"wsp-category-title\">Cat\u00e9gorie\u00a0: <a href=\"https:\/\/kreadarsurfullum.com\/fr\/category\/blogue\/espaces-manufacturiers\/\">Espaces manufacturiers<\/a><\/strong>\n<\/li>\n\t<li><strong class=\"wsp-category-title\">Cat\u00e9gorie\u00a0: <a href=\"https:\/\/kreadarsurfullum.com\/fr\/category\/blogue\/locataires-en-vedette\/\">Locataires en vedette<\/a><\/strong>\n<\/li>\n\t<li><strong class=\"wsp-category-title\">Cat\u00e9gorie\u00a0: <a href=\"https:\/\/kreadarsurfullum.com\/fr\/category\/blogue\/location-despaces-studio\/\">Location d&#039;espaces studio<\/a><\/strong>\n<\/li>\n\t<li><strong class=\"wsp-category-title\">Cat\u00e9gorie\u00a0: <a href=\"https:\/\/kreadarsurfullum.com\/fr\/category\/blogue\/quartier\/\">Quartier<\/a><\/strong>\n<\/li>\n\t<li><strong class=\"wsp-category-title\">Cat\u00e9gorie\u00a0: <a href=\"https:\/\/kreadarsurfullum.com\/fr\/category\/blogue\/trucs-et-conseils\/\">Trucs et conseils<\/a><\/strong>\n<\/li>\n<\/ul><\/li>\n<\/ul>\n<\/div><\/div><\/div><\/div><\/div>\n","protected":false},"excerpt":{"rendered":"","protected":false},"author":1,"featured_media":0,"parent":0,"menu_order":16,"comment_status":"closed","ping_status":"closed","template":"100-width.php","meta":{"footnotes":""},"class_list":["post-572","page","type-page","status-publish","hentry"],"_links":{"self":[{"href":"https:\/\/kreadarsurfullum.com\/fr\/wp-json\/wp\/v2\/pages\/572","targetHints":{"allow":["GET"]}}],"collection":[{"href":"https:\/\/kreadarsurfullum.com\/fr\/wp-json\/wp\/v2\/pages"}],"about":[{"href":"https:\/\/kreadarsurfullum.com\/fr\/wp-json\/wp\/v2\/types\/page"}],"author":[{"embeddable":true,"href":"https:\/\/kreadarsurfullum.com\/fr\/wp-json\/wp\/v2\/users\/1"}],"replies":[{"embeddable":true,"href":"https:\/\/kreadarsurfullum.com\/fr\/wp-json\/wp\/v2\/comments?post=572"}],"version-history":[{"count":3,"href":"https:\/\/kreadarsurfullum.com\/fr\/wp-json\/wp\/v2\/pages\/572\/revisions"}],"predecessor-version":[{"id":1635,"href":"https:\/\/kreadarsurfullum.com\/fr\/wp-json\/wp\/v2\/pages\/572\/revisions\/1635"}],"wp:attachment":[{"href":"https:\/\/kreadarsurfullum.com\/fr\/wp-json\/wp\/v2\/media?parent=572"}],"curies":[{"name":"wp","href":"https:\/\/api.w.org\/{rel}","templated":true}]}}